{"id":23,"date":"2018-02-07T13:44:20","date_gmt":"2018-02-07T13:44:20","guid":{"rendered":"http:\/\/rosebud.mikado-themes.com\/?page_id=23"},"modified":"2024-08-29T09:08:27","modified_gmt":"2024-08-29T09:08:27","slug":"home-1","status":"publish","type":"page","link":"https:\/\/einfachschoen.florist\/","title":{"rendered":"Startseite"},"content":{"rendered":"<p>[vc_row row_content_width=&#187;grid&#187; simple_background_color=&#187;#fff0e9&#8243; css=&#187;.vc_custom_1518616746823{padding-top: 114px !important;padding-bottom: 100px !important;}&#187;][vc_column width=&#187;1\/3&#8243;]<div class=\"mkdf-elements-holder   mkdf-one-column  mkdf-responsive-mode-768 \" ><div class=\"mkdf-eh-item    \"  data-item-class=\"mkdf-eh-custom-6052\" data-1280-1600=\"0px 9% 42px 9%\" data-1024-1280=\"0px 9% 42px 9%\" data-768-1024=\"0px 29% 42px 29%\" data-680-768=\"0px 18% 42px 18%\" data-680=\"0px 3% 42px 3%\">\n\t<div class=\"mkdf-eh-item-inner\">\n\t\t<div class=\"mkdf-eh-item-content mkdf-eh-custom-6052\" style=\"padding: 0px 10% 42px 10%\">\n\t\t\t<div class=\"mkdf-iwt clearfix  mkdf-iwt-icon-top mkdf-iwt-icon-medium \">\n\t<div class=\"mkdf-iwt-icon\">\n\t\t\t\t\t<a itemprop=\"url\" href=\"#\" target=\"_self\">\n\t\t\t\t\t\t\t\t\t<span class=\"mkdf-iwt-custom-icon\">\n\t\t\t\t\t<img loading=\"lazy\" decoding=\"async\" width=\"50\" height=\"50\" src=\"https:\/\/einfachschoen.florist\/wp-content\/uploads\/2018\/02\/custom-icon-2.png\" class=\"attachment-full size-full\" alt=\"a\" \/>\t\t\t\t\t\t\t\t\t<\/span>\n\t\t\t\t\t\t\t\t<\/a>\n\t\t\t<\/div>\n\t<div class=\"mkdf-iwt-content\" >\n\t\t\t\t\t<h5 class=\"mkdf-iwt-title\" style=\"margin-top: 7px\">\n\t\t\t\t\t\t\t\t\t<a itemprop=\"url\" href=\"#\" target=\"_self\">\n\t\t\t\t\t\t\t\t<span class=\"mkdf-iwt-title-text\">Event-Floristik<\/span>\n\t\t\t\t\t\t\t\t\t<\/a>\n\t\t\t\t\t\t\t<\/h5>\n\t\t\t\t\t\t\t<p class=\"mkdf-iwt-text\" >Gerne gebe ich deinem Event oder deiner Hochzeit den kreativ-festlichen Touch nach deinen W\u00fcnschen!<\/p>\n\t\t\t<\/div>\n<\/div>\t\t<\/div>\n\t<\/div>\n<\/div><\/div>[\/vc_column][vc_column width=&#187;1\/3&#8243;]<div class=\"mkdf-elements-holder   mkdf-one-column  mkdf-responsive-mode-768 \" ><div class=\"mkdf-eh-item    \"  data-item-class=\"mkdf-eh-custom-5429\" data-1280-1600=\"0px 9% 42px 9%\" data-1024-1280=\"0px 9% 42px 9%\" data-768-1024=\"0px 29% 42px 29%\" data-680-768=\"0px 18% 42px 18%\" data-680=\"0px 3% 42px 3%\">\n\t<div class=\"mkdf-eh-item-inner\">\n\t\t<div class=\"mkdf-eh-item-content mkdf-eh-custom-5429\" style=\"padding: 0px 10% 42px 10%\">\n\t\t\t<div class=\"mkdf-iwt clearfix  mkdf-iwt-icon-top mkdf-iwt-icon-medium \">\n\t<div class=\"mkdf-iwt-icon\">\n\t\t\t\t\t<a itemprop=\"url\" href=\"#\" target=\"_self\">\n\t\t\t\t\t\t\t\t\t<span class=\"mkdf-iwt-custom-icon\">\n\t\t\t\t\t<img loading=\"lazy\" decoding=\"async\" width=\"51\" height=\"50\" src=\"https:\/\/einfachschoen.florist\/wp-content\/uploads\/2018\/02\/custom-icon-3.png\" class=\"attachment-full size-full\" alt=\"a\" \/>\t\t\t\t\t\t\t\t\t<\/span>\n\t\t\t\t\t\t\t\t<\/a>\n\t\t\t<\/div>\n\t<div class=\"mkdf-iwt-content\" >\n\t\t\t\t\t<h5 class=\"mkdf-iwt-title\" style=\"margin-top: 7px\">\n\t\t\t\t\t\t\t\t\t<a itemprop=\"url\" href=\"#\" target=\"_self\">\n\t\t\t\t\t\t\t\t<span class=\"mkdf-iwt-title-text\">Blumenabo<\/span>\n\t\t\t\t\t\t\t\t\t<\/a>\n\t\t\t\t\t\t\t<\/h5>\n\t\t\t\t\t\t\t<p class=\"mkdf-iwt-text\" >Regelm\u00e4ssige Lieferung von Blumenstr\u00e4ussen oder Gestecken! Damit deine Kunden sich bei dir wohlf\u00fchlen, liefere ich dir gerne regelm\u00e4ssig ein blumiges Arrangement.<\/p>\n\t\t\t<\/div>\n<\/div>\t\t<\/div>\n\t<\/div>\n<\/div><\/div>[\/vc_column][vc_column width=&#187;1\/3&#8243;]<div class=\"mkdf-elements-holder   mkdf-one-column  mkdf-responsive-mode-768 \" ><div class=\"mkdf-eh-item    \"  data-item-class=\"mkdf-eh-custom-1604\" data-1280-1600=\"0px 9% 42px 9%\" data-1024-1280=\"0px 9% 42px 9%\" data-768-1024=\"0px 29% 42px 29%\" data-680-768=\"0px 18% 42px 18%\" data-680=\"0px 3% 42px 3%\">\n\t<div class=\"mkdf-eh-item-inner\">\n\t\t<div class=\"mkdf-eh-item-content mkdf-eh-custom-1604\" style=\"padding: 0px 10% 42px 10%\">\n\t\t\t<div class=\"mkdf-iwt clearfix  mkdf-iwt-icon-top mkdf-iwt-icon-medium \">\n\t<div class=\"mkdf-iwt-icon\">\n\t\t\t\t\t<a itemprop=\"url\" href=\"#\" target=\"_self\">\n\t\t\t\t\t\t\t\t\t<span class=\"mkdf-iwt-custom-icon\">\n\t\t\t\t\t<img loading=\"lazy\" decoding=\"async\" width=\"40\" height=\"40\" src=\"https:\/\/einfachschoen.florist\/wp-content\/uploads\/2024\/08\/Element-3-e1724921358545.png\" class=\"attachment-full size-full\" alt=\"\" \/>\t\t\t\t\t\t\t\t\t<\/span>\n\t\t\t\t\t\t\t\t<\/a>\n\t\t\t<\/div>\n\t<div class=\"mkdf-iwt-content\" >\n\t\t\t\t\t<h5 class=\"mkdf-iwt-title\" style=\"margin-top: 7px\">\n\t\t\t\t\t\t\t\t\t<a itemprop=\"url\" href=\"#\" target=\"_self\">\n\t\t\t\t\t\t\t\t<span class=\"mkdf-iwt-title-text\">Kreativ-Kurse<\/span>\n\t\t\t\t\t\t\t\t\t<\/a>\n\t\t\t\t\t\t\t<\/h5>\n\t\t\t\t\t\t\t<p class=\"mkdf-iwt-text\" >Noch mehr Freude, indem du selber gestaltest. Ich zeige dir, wie&#039;s geht. In guter Atmosph\u00e4re gestaltest du dein Meisterwerk.<\/p>\n\t\t\t<\/div>\n<\/div>\t\t<\/div>\n\t<\/div>\n<\/div><\/div>[\/vc_column][\/vc_row][vc_row row_content_width=&#187;grid&#187; css=&#187;.vc_custom_1519136264885{padding-top: 140px !important;padding-bottom: 140px !important;}&#187;][vc_column offset=&#187;vc_col-lg-6&#8243;]<div class=\"mkdf-elements-holder   mkdf-one-column  mkdf-responsive-mode-768 \" ><div class=\"mkdf-eh-item    \"  data-item-class=\"mkdf-eh-custom-3588\" data-1280-1600=\"23px 6% 0 0\" data-1024-1280=\"23px 6% 0 0\" data-768-1024=\"0 22% 91px 0\" data-680-768=\"0 1% 91px 0\" data-680=\"0 0 91px 2%\">\n\t<div class=\"mkdf-eh-item-inner\">\n\t\t<div class=\"mkdf-eh-item-content mkdf-eh-custom-3588\" style=\"padding: 28px 10% 0 0\">\n\t\t\t<div class=\"mkdf-section-title-holder  \" >\n\t<div class=\"mkdf-st-inner\">\n                <span class=\"mkdf-st-tagline-text\" >\n            Corinna B\u00fchler        <\/span>\n    \t\t\t\t\t<h2 class=\"mkdf-st-title\" >\n\t\t\t\t\u00dcBER MICH\t\t\t<\/h2>\n\t\t\t\t\t\t\t<p class=\"mkdf-st-text\" style=\"margin-top: 21px\">\n\t\t\t\tAls gelernte Floristin mache ich deine floralen Tr\u00e4ume wahr.<br \/>\nBesonders weitergebildet habe ich mich im Bereich der Hochzeits-Floristik.\nKreativit\u00e4t und \u00c4sthetik,<br \/>\nKnowhow und Leidenschaft,<br \/>\nEffizienz und Pr\u00e4zision<br \/>\nvereinen sich in meiner Arbeit!\t\t\t<\/p>\n\t\t\t<\/div>\n<\/div>[vc_empty_space]<a itemprop=\"url\" href=\"https:\/\/einfachschoen.florist\/?page_id=191\" target=\"_self\" style=\"text-transform: uppercase\" class=\"mkdf-btn mkdf-btn-medium mkdf-btn-outline\"  >\n    <span class=\"mkdf-btn-text\">Kontaktiere mich<\/span>\n\t<\/a>[vc_single_image image=&#187;1609&#8243; img_size=&#187;full&#187; alignment=&#187;right&#187; css=&#187;.vc_custom_1596285394613{margin-top: -360px !important;}&#187;]\t\t<\/div>\n\t<\/div>\n<\/div><\/div>[\/vc_column][vc_column offset=&#187;vc_col-lg-6&#8243;][vc_single_image image=&#187;2153&#8243; img_size=&#187;full&#187;][\/vc_column][\/vc_row][vc_row parallax_background_image=&#187;102&#8243; css=&#187;.vc_custom_1518104978034{padding-top: 65px !important;padding-bottom: 25px !important;}&#187;][vc_column]<div class=\"mkdf-testimonials-holder mkdf-testimonials-standard mkdf-testimonials-light clearfix\"><div class=\"mkdf-testimonials mkdf-owl-slider\" data-number-of-items=\"1\" data-enable-loop=\"yes\" data-enable-autoplay=\"yes\" data-slider-speed=\"5000\" data-slider-speed-animation=\"600\" data-enable-navigation=\"yes\" data-enable-pagination=\"yes\"><div class=\"mkdf-testimonial-content\" id=\"mkdf-testimonials-2449\">\n\t<div class=\"mkdf-testimonial-text-holder\">\n                    <span itemprop=\"name\" class=\"mkdf-testimonial-tagline-text entry-title\">Das sagen meine Kunden<\/span>\n        \t\t            <h2 itemprop=\"name\" class=\"mkdf-testimonial-title entry-title\">Hochzeit<\/h2>\n        \t\t\t\t\t<p class=\"mkdf-testimonial-text\">Corinna hat unsere Hochzeitsdeko mit viel Liebe und Leidenschaft zusammengestellt. Von Anfang an ist sie auf uns eingegangen und hat versucht uns die W\u00fcnsche von den Lippen zu lesen, was ihr auch total gelungen ist. Wir sind total begeistert!<\/p>\n\t\t\t\t\t\t\t<div class=\"mkdf-testimonial-author\">\n\t\t\t\t<h5 class=\"mkdf-testimonials-author-name\">Barbara &amp; Marcel Hauri<\/h5>\n\t\t\t\t\t\t\t<\/div>\n\t\t\t<\/div>\n\t<\/div><div class=\"mkdf-testimonial-content\" id=\"mkdf-testimonials-2445\">\n\t<div class=\"mkdf-testimonial-text-holder\">\n                    <span itemprop=\"name\" class=\"mkdf-testimonial-tagline-text entry-title\">Das sagen meine Kunden<\/span>\n        \t\t            <h2 itemprop=\"name\" class=\"mkdf-testimonial-title entry-title\">Einfachsch\u00f6n<\/h2>\n        \t\t\t\t\t<p class=\"mkdf-testimonial-text\">Einfachsch\u00f6n sind die Sachen welche Corinna zaubert! Ganz egal f\u00fcr welchen Anlass, bei Corinna werden die W\u00fcnsche verwirklicht!<\/p>\n\t\t\t\t\t\t\t<div class=\"mkdf-testimonial-author\">\n\t\t\t\t<h5 class=\"mkdf-testimonials-author-name\">Christa Hochuli <\/h5>\n\t\t\t\t\t\t\t<\/div>\n\t\t\t<\/div>\n\t<\/div><div class=\"mkdf-testimonial-content\" id=\"mkdf-testimonials-100\">\n\t<div class=\"mkdf-testimonial-text-holder\">\n                    <span itemprop=\"name\" class=\"mkdf-testimonial-tagline-text entry-title\">Das sagen meine Kunden<\/span>\n        \t\t            <h2 itemprop=\"name\" class=\"mkdf-testimonial-title entry-title\">Hochzeit<\/h2>\n        \t\t\t\t\t<p class=\"mkdf-testimonial-text\">Es ist eine Freude mit Corinna zusammen zu arbeiten. Ihre Zuverl\u00e4ssigkeit, ihr Engagement und die Sch\u00f6nheit ihrer Arbeit zeichnen sie besonders aus.<\/p>\n\t\t\t\t\t\t\t<div class=\"mkdf-testimonial-author\">\n\t\t\t\t<h5 class=\"mkdf-testimonials-author-name\">Desir\u00e9e Kratzat<\/h5>\n\t\t\t\t\t\t\t<\/div>\n\t\t\t<\/div>\n\t<\/div><div class=\"mkdf-testimonial-content\" id=\"mkdf-testimonials-99\">\n\t<div class=\"mkdf-testimonial-text-holder\">\n                    <span itemprop=\"name\" class=\"mkdf-testimonial-tagline-text entry-title\">Das sagen meine Kunden<\/span>\n        \t\t            <h2 itemprop=\"name\" class=\"mkdf-testimonial-title entry-title\">Hochzeit<\/h2>\n        \t\t\t\t\t<p class=\"mkdf-testimonial-text\">Corinna hat den Blumenschmuck f\u00fcr unsere Hochzeit gemacht. Sie hat all unsere W\u00fcnsche ber\u00fccksichtigt und eigene Ideen miteinfliessen lassen, sodass sie mit ihrer wundersch\u00f6nen Blumendeko unsere Erwartungen v\u00f6llig \u00fcbertroffen hat! Auch unsere G\u00e4ste waren begeistert von der Blumendekoration, oft mit dem Kommentar \u201eso eine sch\u00f6ne Blumendeko habe ich noch nie auf einer Hochzeit gesehen\u201c. So empfehlen wir Corinna und ihre Dienstleistung f\u00fcr jede Hochzeit oder sonstige Veranstaltung, bei denen sch\u00f6ne Blumen gew\u00fcnscht sind, weiter. Es lohnt sich!<\/p>\n\t\t\t\t\t\t\t<div class=\"mkdf-testimonial-author\">\n\t\t\t\t<h5 class=\"mkdf-testimonials-author-name\">Valerie Cadonau<\/h5>\n\t\t\t\t\t\t\t<\/div>\n\t\t\t<\/div>\n\t<\/div><\/div><\/div>[\/vc_column][\/vc_row][vc_row][vc_column][vc_empty_space height=&#187;59px&#187;]<div class=\"mkdf-section-title-holder  \" style=\"text-align: center\">\n\t<div class=\"mkdf-st-inner\">\n        \t\t\t\t\t<h2 class=\"mkdf-st-title\" >\n\t\t\t\tImpressionen\t\t\t<\/h2>\n\t\t\t\t\t<\/div>\n<\/div>[vc_empty_space height=&#187;59px&#187;]<div class=\"mkdf-image-gallery  mkdf-ig-grid-type mkdf-small-space  mkdf-image-behavior-lightbox mkdf-image-hover-zoom\">\n\t<div class=\"mkdf-ig-inner mkdf-outer-space mkdf-ig-grid mkdf-ig-three-columns\">\n\t\t\t\t\t<div class=\"mkdf-ig-image mkdf-item-space\">\n\t\t\t\t<div class=\"mkdf-ig-image-inner\">\n\t\t\t\t\t\t\t\t\t\t\t<a itemprop=\"image\" class=\"mkdf-ig-lightbox\" href=\"https:\/\/einfachschoen.florist\/wp-content\/uploads\/2020\/08\/0b7f7a7f-bf79-4774-9a4e-c27ed91c0972.jpg\" data-rel=\"prettyPhoto[image_gallery_pretty_photo-704]\" title=\"0b7f7a7f-bf79-4774-9a4e-c27ed91c0972\">\n\t\t\t\t\t\t\t\t\t\t\t<img loading=\"lazy\" decoding=\"async\" width=\"1365\" height=\"2048\" src=\"https:\/\/einfachschoen.florist\/wp-content\/uploads\/2020\/08\/0b7f7a7f-bf79-4774-9a4e-c27ed91c0972.jpg\" class=\"attachment-full size-full\" alt=\"\" srcset=\"https:\/\/einfachschoen.florist\/wp-content\/uploads\/2020\/08\/0b7f7a7f-bf79-4774-9a4e-c27ed91c0972.jpg 1365w, https:\/\/einfachschoen.florist\/wp-content\/uploads\/2020\/08\/0b7f7a7f-bf79-4774-9a4e-c27ed91c0972-200x300.jpg 200w, https:\/\/einfachschoen.florist\/wp-content\/uploads\/2020\/08\/0b7f7a7f-bf79-4774-9a4e-c27ed91c0972-683x1024.jpg 683w, https:\/\/einfachschoen.florist\/wp-content\/uploads\/2020\/08\/0b7f7a7f-bf79-4774-9a4e-c27ed91c0972-768x1152.jpg 768w, https:\/\/einfachschoen.florist\/wp-content\/uploads\/2020\/08\/0b7f7a7f-bf79-4774-9a4e-c27ed91c0972-1024x1536.jpg 1024w, https:\/\/einfachschoen.florist\/wp-content\/uploads\/2020\/08\/0b7f7a7f-bf79-4774-9a4e-c27ed91c0972-600x900.jpg 600w\" sizes=\"(max-width: 1365px) 100vw, 1365px\" \/>\t\t\t\t\t\t\t\t\t\t\t<\/a>\n\t\t\t\t\t\t\t\t\t<\/div>\n\t\t\t<\/div>\n\t\t\t\t\t<div class=\"mkdf-ig-image mkdf-item-space\">\n\t\t\t\t<div class=\"mkdf-ig-image-inner\">\n\t\t\t\t\t\t\t\t\t\t\t<a itemprop=\"image\" class=\"mkdf-ig-lightbox\" href=\"https:\/\/einfachschoen.florist\/wp-content\/uploads\/2020\/08\/1b68865b-76e3-47d9-82ee-f9ea86053f32.jpg\" data-rel=\"prettyPhoto[image_gallery_pretty_photo-704]\" title=\"1b68865b-76e3-47d9-82ee-f9ea86053f32\">\n\t\t\t\t\t\t\t\t\t\t\t<img loading=\"lazy\" decoding=\"async\" width=\"1365\" height=\"2048\" src=\"https:\/\/einfachschoen.florist\/wp-content\/uploads\/2020\/08\/1b68865b-76e3-47d9-82ee-f9ea86053f32.jpg\" class=\"attachment-full size-full\" alt=\"\" srcset=\"https:\/\/einfachschoen.florist\/wp-content\/uploads\/2020\/08\/1b68865b-76e3-47d9-82ee-f9ea86053f32.jpg 1365w, https:\/\/einfachschoen.florist\/wp-content\/uploads\/2020\/08\/1b68865b-76e3-47d9-82ee-f9ea86053f32-200x300.jpg 200w, https:\/\/einfachschoen.florist\/wp-content\/uploads\/2020\/08\/1b68865b-76e3-47d9-82ee-f9ea86053f32-683x1024.jpg 683w, https:\/\/einfachschoen.florist\/wp-content\/uploads\/2020\/08\/1b68865b-76e3-47d9-82ee-f9ea86053f32-768x1152.jpg 768w, https:\/\/einfachschoen.florist\/wp-content\/uploads\/2020\/08\/1b68865b-76e3-47d9-82ee-f9ea86053f32-1024x1536.jpg 1024w, https:\/\/einfachschoen.florist\/wp-content\/uploads\/2020\/08\/1b68865b-76e3-47d9-82ee-f9ea86053f32-600x900.jpg 600w\" sizes=\"(max-width: 1365px) 100vw, 1365px\" \/>\t\t\t\t\t\t\t\t\t\t\t<\/a>\n\t\t\t\t\t\t\t\t\t<\/div>\n\t\t\t<\/div>\n\t\t\t\t\t<div class=\"mkdf-ig-image mkdf-item-space\">\n\t\t\t\t<div class=\"mkdf-ig-image-inner\">\n\t\t\t\t\t\t\t\t\t\t\t<a itemprop=\"image\" class=\"mkdf-ig-lightbox\" href=\"https:\/\/einfachschoen.florist\/wp-content\/uploads\/2020\/08\/IMG_1397-2.jpg\" data-rel=\"prettyPhoto[image_gallery_pretty_photo-704]\" title=\"IMG_1397\">\n\t\t\t\t\t\t\t\t\t\t\t<img loading=\"lazy\" decoding=\"async\" width=\"1365\" height=\"2048\" src=\"https:\/\/einfachschoen.florist\/wp-content\/uploads\/2020\/08\/IMG_1397-2.jpg\" class=\"attachment-full size-full\" alt=\"\" srcset=\"https:\/\/einfachschoen.florist\/wp-content\/uploads\/2020\/08\/IMG_1397-2.jpg 1365w, https:\/\/einfachschoen.florist\/wp-content\/uploads\/2020\/08\/IMG_1397-2-200x300.jpg 200w, https:\/\/einfachschoen.florist\/wp-content\/uploads\/2020\/08\/IMG_1397-2-683x1024.jpg 683w, https:\/\/einfachschoen.florist\/wp-content\/uploads\/2020\/08\/IMG_1397-2-768x1152.jpg 768w, https:\/\/einfachschoen.florist\/wp-content\/uploads\/2020\/08\/IMG_1397-2-1024x1536.jpg 1024w, https:\/\/einfachschoen.florist\/wp-content\/uploads\/2020\/08\/IMG_1397-2-600x900.jpg 600w\" sizes=\"(max-width: 1365px) 100vw, 1365px\" \/>\t\t\t\t\t\t\t\t\t\t\t<\/a>\n\t\t\t\t\t\t\t\t\t<\/div>\n\t\t\t<\/div>\n\t\t\t\t\t<div class=\"mkdf-ig-image mkdf-item-space\">\n\t\t\t\t<div class=\"mkdf-ig-image-inner\">\n\t\t\t\t\t\t\t\t\t\t\t<a itemprop=\"image\" class=\"mkdf-ig-lightbox\" href=\"https:\/\/einfachschoen.florist\/wp-content\/uploads\/2020\/08\/IMG_1376-scaled.jpg\" data-rel=\"prettyPhoto[image_gallery_pretty_photo-704]\" title=\"IMG_1376\">\n\t\t\t\t\t\t\t\t\t\t\t<img loading=\"lazy\" decoding=\"async\" width=\"1920\" height=\"2560\" src=\"https:\/\/einfachschoen.florist\/wp-content\/uploads\/2020\/08\/IMG_1376-scaled.jpg\" class=\"attachment-full size-full\" alt=\"\" srcset=\"https:\/\/einfachschoen.florist\/wp-content\/uploads\/2020\/08\/IMG_1376-scaled.jpg 1920w, https:\/\/einfachschoen.florist\/wp-content\/uploads\/2020\/08\/IMG_1376-225x300.jpg 225w, https:\/\/einfachschoen.florist\/wp-content\/uploads\/2020\/08\/IMG_1376-768x1024.jpg 768w, https:\/\/einfachschoen.florist\/wp-content\/uploads\/2020\/08\/IMG_1376-1152x1536.jpg 1152w, https:\/\/einfachschoen.florist\/wp-content\/uploads\/2020\/08\/IMG_1376-1536x2048.jpg 1536w, https:\/\/einfachschoen.florist\/wp-content\/uploads\/2020\/08\/IMG_1376-600x800.jpg 600w\" sizes=\"(max-width: 1920px) 100vw, 1920px\" \/>\t\t\t\t\t\t\t\t\t\t\t<\/a>\n\t\t\t\t\t\t\t\t\t<\/div>\n\t\t\t<\/div>\n\t\t\t\t\t<div class=\"mkdf-ig-image mkdf-item-space\">\n\t\t\t\t<div class=\"mkdf-ig-image-inner\">\n\t\t\t\t\t\t\t\t\t\t\t<a itemprop=\"image\" class=\"mkdf-ig-lightbox\" href=\"https:\/\/einfachschoen.florist\/wp-content\/uploads\/2020\/08\/IMG_0018-scaled.jpg\" data-rel=\"prettyPhoto[image_gallery_pretty_photo-704]\" title=\"IMG_0018\">\n\t\t\t\t\t\t\t\t\t\t\t<img loading=\"lazy\" decoding=\"async\" width=\"1920\" height=\"2560\" src=\"https:\/\/einfachschoen.florist\/wp-content\/uploads\/2020\/08\/IMG_0018-scaled.jpg\" class=\"attachment-full size-full\" alt=\"\" srcset=\"https:\/\/einfachschoen.florist\/wp-content\/uploads\/2020\/08\/IMG_0018-scaled.jpg 1920w, https:\/\/einfachschoen.florist\/wp-content\/uploads\/2020\/08\/IMG_0018-225x300.jpg 225w, https:\/\/einfachschoen.florist\/wp-content\/uploads\/2020\/08\/IMG_0018-768x1024.jpg 768w, https:\/\/einfachschoen.florist\/wp-content\/uploads\/2020\/08\/IMG_0018-1152x1536.jpg 1152w, https:\/\/einfachschoen.florist\/wp-content\/uploads\/2020\/08\/IMG_0018-1536x2048.jpg 1536w, https:\/\/einfachschoen.florist\/wp-content\/uploads\/2020\/08\/IMG_0018-600x800.jpg 600w\" sizes=\"(max-width: 1920px) 100vw, 1920px\" \/>\t\t\t\t\t\t\t\t\t\t\t<\/a>\n\t\t\t\t\t\t\t\t\t<\/div>\n\t\t\t<\/div>\n\t\t\t\t\t<div class=\"mkdf-ig-image mkdf-item-space\">\n\t\t\t\t<div class=\"mkdf-ig-image-inner\">\n\t\t\t\t\t\t\t\t\t\t\t<a itemprop=\"image\" class=\"mkdf-ig-lightbox\" href=\"https:\/\/einfachschoen.florist\/wp-content\/uploads\/2020\/08\/IMG_0186-scaled.jpg\" data-rel=\"prettyPhoto[image_gallery_pretty_photo-704]\" title=\"IMG_0186\">\n\t\t\t\t\t\t\t\t\t\t\t<img loading=\"lazy\" decoding=\"async\" width=\"1920\" height=\"2560\" src=\"https:\/\/einfachschoen.florist\/wp-content\/uploads\/2020\/08\/IMG_0186-scaled.jpg\" class=\"attachment-full size-full\" alt=\"\" srcset=\"https:\/\/einfachschoen.florist\/wp-content\/uploads\/2020\/08\/IMG_0186-scaled.jpg 1920w, https:\/\/einfachschoen.florist\/wp-content\/uploads\/2020\/08\/IMG_0186-225x300.jpg 225w, https:\/\/einfachschoen.florist\/wp-content\/uploads\/2020\/08\/IMG_0186-768x1024.jpg 768w, https:\/\/einfachschoen.florist\/wp-content\/uploads\/2020\/08\/IMG_0186-1152x1536.jpg 1152w, https:\/\/einfachschoen.florist\/wp-content\/uploads\/2020\/08\/IMG_0186-1536x2048.jpg 1536w, https:\/\/einfachschoen.florist\/wp-content\/uploads\/2020\/08\/IMG_0186-600x800.jpg 600w\" sizes=\"(max-width: 1920px) 100vw, 1920px\" \/>\t\t\t\t\t\t\t\t\t\t\t<\/a>\n\t\t\t\t\t\t\t\t\t<\/div>\n\t\t\t<\/div>\n\t\t\t<\/div>\n<\/div>[\/vc_column][\/vc_row]<\/p>\n","protected":false},"excerpt":{"rendered":"<p>[vc_row row_content_width=&#187;grid&#187; simple_background_color=&#187;#fff0e9&#8243; css=&#187;.vc_custom_1518616746823{padding-top: 114px !important;padding-bottom: 100px !important;}&#187;][vc_column width=&#187;1\/3&#8243;][\/vc_column][vc_column width=&#187;1\/3&#8243;][\/vc_column][vc_column width=&#187;1\/3&#8243;][\/vc_column][\/vc_row][vc_row row_content_width=&#187;grid&#187; css=&#187;.vc_custom_1519136264885{padding-top: 140px !important;padding-bottom: 140px !important;}&#187;][vc_column offset=&#187;vc_col-lg-6&#8243;][\/vc_column][vc_column offset=&#187;vc_col-lg-6&#8243;][vc_single_image image=&#187;2153&#8243; img_size=&#187;full&#187;][\/vc_column][\/vc_row][vc_row parallax_background_image=&#187;102&#8243; css=&#187;.vc_custom_1518104978034{padding-top: 65px !important;padding-bottom: 25px !important;}&#187;][vc_column][\/vc_column][\/vc_row][vc_row][vc_column][vc_empty_space height=&#187;59px&#187;][vc_empty_space height=&#187;59px&#187;][\/vc_column][\/vc_row]<\/p>\n","protected":false},"author":1,"featured_media":0,"parent":0,"menu_order":0,"comment_status":"closed","ping_status":"closed","template":"full-width.php","meta":{"footnotes":""},"class_list":["post-23","page","type-page","status-publish","hentry"],"_links":{"self":[{"href":"https:\/\/einfachschoen.florist\/index.php?rest_route=\/wp\/v2\/pages\/23"}],"collection":[{"href":"https:\/\/einfachschoen.florist\/index.php?rest_route=\/wp\/v2\/pages"}],"about":[{"href":"https:\/\/einfachschoen.florist\/index.php?rest_route=\/wp\/v2\/types\/page"}],"author":[{"embeddable":true,"href":"https:\/\/einfachschoen.florist\/index.php?rest_route=\/wp\/v2\/users\/1"}],"replies":[{"embeddable":true,"href":"https:\/\/einfachschoen.florist\/index.php?rest_route=%2Fwp%2Fv2%2Fcomments&post=23"}],"version-history":[{"count":54,"href":"https:\/\/einfachschoen.florist\/index.php?rest_route=\/wp\/v2\/pages\/23\/revisions"}],"predecessor-version":[{"id":2481,"href":"https:\/\/einfachschoen.florist\/index.php?rest_route=\/wp\/v2\/pages\/23\/revisions\/2481"}],"wp:attachment":[{"href":"https:\/\/einfachschoen.florist\/index.php?rest_route=%2Fwp%2Fv2%2Fmedia&parent=23"}],"curies":[{"name":"wp","href":"https:\/\/api.w.org\/{rel}","templated":true}]}}